{"id":363,"date":"2023-03-17T12:14:36","date_gmt":"2023-03-17T10:14:36","guid":{"rendered":"https:\/\/flamekorent.ee\/?page_id=363"},"modified":"2024-05-29T14:39:19","modified_gmt":"2024-05-29T11:39:19","slug":"toukeratas-muuk","status":"publish","type":"page","link":"https:\/\/flamekorent.ee\/en\/toukeratas-muuk\/","title":{"rendered":"T\u00f5ukeratas m\u00fc\u00fck"},"content":{"rendered":"<p>Meil on m\u00fc\u00fcgis t\u00e4iesti uued originaalpakendis Elektrit\u00f5ukeratad VSETT 10+ 2WD. M\u00fc\u00fcgis olevate t\u00f5ukeratadega saate tutvuda lisatud nimekirja alusel. K\u00fcsimuste ja ostu soovi puhul saate meiega \u00fchendust meili teel: <span style=\"text-decoration: underline;\"><em>rent@flameko.ee<\/em><\/span> v\u00f5i tel. <em><span style=\"text-decoration: underline;\">+372 56 212 213<\/span><\/em><\/p>\n<table style=\"height: 204px;\" width=\"auto\">\n<tbody>\n<tr>\n<td width=\"300\"><img loading=\"lazy\" decoding=\"async\" class=\"alignnone size-medium wp-image-368\" src=\"https:\/\/flamekorent.ee\/wp-content\/uploads\/2023\/03\/big_img-i_9f3a1202cc5d83ecacca4983fa9b7124-720x720-1-fafafa-300x300.jpg\" alt=\"\" width=\"300\" height=\"300\" srcset=\"https:\/\/flamekorent.ee\/wp-content\/uploads\/2023\/03\/big_img-i_9f3a1202cc5d83ecacca4983fa9b7124-720x720-1-fafafa-300x300.jpg 300w, https:\/\/flamekorent.ee\/wp-content\/uploads\/2023\/03\/big_img-i_9f3a1202cc5d83ecacca4983fa9b7124-720x720-1-fafafa-150x150.jpg 150w, https:\/\/flamekorent.ee\/wp-content\/uploads\/2023\/03\/big_img-i_9f3a1202cc5d83ecacca4983fa9b7124-720x720-1-fafafa-100x100.jpg 100w, https:\/\/flamekorent.ee\/wp-content\/uploads\/2023\/03\/big_img-i_9f3a1202cc5d83ecacca4983fa9b7124-720x720-1-fafafa.jpg 720w\" sizes=\"auto, (max-width: 300px) 100vw, 300px\" \/><\/td>\n<td width=\"330\">\n<h3><a href=\"https:\/\/flamekorent.ee\/en\/toukeratas-muuk\/elektritoukeratas-vsett-10-2wd-60v-256ah-offroad\/\">Electric scooter VSETT 10+ 2WD 60V\/25,6Ah, Offroad<\/a><\/h3>\n<\/td>\n<td width=\"271\">\n<h4><span style=\"font-weight: 400;\"><strong>HIND<\/strong> <del>2350\u00a0 <\/del><span style=\"color: #ff0000;\"><strong>1175<\/strong>.-\u00a0 <strong>EUR<\/strong><\/span> (SIS.KM.)<\/span><\/h4>\n<\/td>\n<\/tr>\n<\/tbody>\n<\/table>\n<p>J\u00e4relmaksu v\u00f5imalust toetab ESTO. <a href=\"https:\/\/www.autohooldus.ee\/esto\">Loe lisaks siit<\/a>.<\/p>","protected":false},"excerpt":{"rendered":"<p>Meil on m\u00fc\u00fcgis t\u00e4iesti uued originaalpakendis Elektrit\u00f5ukeratad VSETT 10+ 2WD. M\u00fc\u00fcgis olevate t\u00f5ukeratadega saate tutvuda lisatud nimekirja alusel. K\u00fcsimuste ja ostu soovi puhul saate meiega \u00fchendust meili teel: rent@flameko.ee v\u00f5i tel. +372 56 212 213 Elektrit\u00f5ukeratas VSETT 10+ 2WD 60V\/25,6Ah, Offroad HIND 2350\u00a0 1175.-\u00a0 EUR (SIS.KM.) J\u00e4relmaksu v\u00f5imalust toetab ESTO. Loe lisaks siit.<\/p>","protected":false},"author":1,"featured_media":0,"parent":0,"menu_order":0,"comment_status":"closed","ping_status":"closed","template":"","meta":{"footnotes":""},"class_list":["post-363","page","type-page","status-publish","hentry"],"_links":{"self":[{"href":"https:\/\/flamekorent.ee\/en\/wp-json\/wp\/v2\/pages\/363","targetHints":{"allow":["GET"]}}],"collection":[{"href":"https:\/\/flamekorent.ee\/en\/wp-json\/wp\/v2\/pages"}],"about":[{"href":"https:\/\/flamekorent.ee\/en\/wp-json\/wp\/v2\/types\/page"}],"author":[{"embeddable":true,"href":"https:\/\/flamekorent.ee\/en\/wp-json\/wp\/v2\/users\/1"}],"replies":[{"embeddable":true,"href":"https:\/\/flamekorent.ee\/en\/wp-json\/wp\/v2\/comments?post=363"}],"version-history":[{"count":6,"href":"https:\/\/flamekorent.ee\/en\/wp-json\/wp\/v2\/pages\/363\/revisions"}],"predecessor-version":[{"id":667,"href":"https:\/\/flamekorent.ee\/en\/wp-json\/wp\/v2\/pages\/363\/revisions\/667"}],"wp:attachment":[{"href":"https:\/\/flamekorent.ee\/en\/wp-json\/wp\/v2\/media?parent=363"}],"curies":[{"name":"wp","href":"https:\/\/api.w.org\/{rel}","templated":true}]}}