{"id":195,"date":"2022-06-03T23:33:28","date_gmt":"2022-06-03T20:33:28","guid":{"rendered":"https:\/\/flamekorent.ee\/?page_id=195"},"modified":"2025-06-23T18:12:07","modified_gmt":"2025-06-23T15:12:07","slug":"pealeht","status":"publish","type":"page","link":"https:\/\/flamekorent.ee\/en\/","title":{"rendered":"Pealeht"},"content":{"rendered":"\n<div class=\"wrap plugin-container\">\n\n\t\n\t\n\t\t\t<script type=\"text\/javascript\">\n\t\tjQuery(document).ready(function() {\n\t\t\tjQuery(\".vrcmodal\").fancybox({\n\t\t\t\ttype: \"iframe\",\n\t\t\t\tiframe: {\n\t\t\t\t\tcss: {\n\t\t\t\t\t\twidth: \"75%\",\n\t\t\t\t\t\theight: \"75%\"\n\t\t\t\t\t}\n\t\t\t\t}\n\t\t\t});\n\t\t});\n\t\t<\/script>\n\t\t<h3 class=\"vrc-main-title\">Flameko O\u00dc<\/h3><div class=\"vrcdivsearch\"><div class=\"vrcdivsearch-inner\"><form action=\"https:\/\/flamekorent.ee\/en\/?option=com_vikrentcar\" method=\"post\" onsubmit=\"return vrcValidateSearch();\">\n<input type=\"hidden\" name=\"option\" value=\"com_vikrentcar\"\/>\n<input type=\"hidden\" name=\"task\" value=\"search\"\/>\n<div class=\"vrc-searchf-section-locations\">\n<div class=\"vrcsfentrycont\"><label for=\"place\">Pickup Location<\/label><div class=\"vrcsfentryselect\"><select name=\"place\" id=\"place\" onchange=\"javascript: vrcSetLocOpenTime(this.value, 'pickup');\"><option value=\"2\">Flameko Laagri<\/option>\n<\/select><\/div><\/div>\n<div class=\"vrcsfentrycont\"><label for=\"returnplace\">Drop Off Location<\/label><div class=\"vrcsfentryselect\"><select name=\"returnplace\" id=\"returnplace\" onchange=\"javascript: vrcSetLocOpenTime(this.value, 'dropoff');\"><option value=\"2\">Flameko Laagri<\/option>\n<\/select><\/div><\/div>\n<\/div>\n<div class=\"vrc-searchf-section-datetimes\">\n<div class=\"vrcsfentrycont\"><div class=\"vrcsfentrylabsel\"><label for=\"pickupdate\">Pickup Date<\/label><div class=\"vrcsfentrydate\"><input type=\"text\" name=\"pickupdate\" id=\"pickupdate\" size=\"10\" autocomplete=\"off\" onfocus=\"this.blur();\" readonly\/><i class=\"far fa-calendar-alt vrc-caltrigger\"><\/i><\/div><\/div><div class=\"vrcsfentrytime\"><label>Pickup Time<\/label><div class=\"vrc-sf-time-container\"><span id=\"vrccomselph\"><select name=\"pickuph\"><option value=\"9\">09<\/option>\n<option value=\"10\" selected=\"selected\">10<\/option>\n<option value=\"11\">11<\/option>\n<option value=\"12\">12<\/option>\n<option value=\"13\">13<\/option>\n<option value=\"14\">14<\/option>\n<option value=\"15\">15<\/option>\n<option value=\"16\">16<\/option>\n<option value=\"17\">17<\/option>\n<option value=\"18\">18<\/option>\n<\/select><\/span><span class=\"vrctimesep\">:<\/span><span id=\"vrccomselpm\"><select name=\"pickupm\"><option value=\"0\" selected=\"selected\">00<\/option>\n<option value=\"15\">15<\/option>\n<option value=\"30\">30<\/option>\n<option value=\"45\">45<\/option>\n<\/select><\/span><\/div><\/div><\/div>\n<div class=\"vrcsfentrycont\"><div class=\"vrcsfentrylabsel\"><label for=\"releasedate\">Drop Off Date<\/label><div class=\"vrcsfentrydate\"><input type=\"text\" name=\"releasedate\" id=\"releasedate\" size=\"10\" autocomplete=\"off\" onfocus=\"this.blur();\" readonly\/><i class=\"far fa-calendar-alt vrc-caltrigger\"><\/i><\/div><\/div><div class=\"vrcsfentrytime\"><label>Drop Off Time<\/label><div class=\"vrc-sf-time-container\"><span id=\"vrccomseldh\"><select name=\"releaseh\"><option value=\"9\">09<\/option>\n<option value=\"10\" selected=\"selected\">10<\/option>\n<option value=\"11\">11<\/option>\n<option value=\"12\">12<\/option>\n<option value=\"13\">13<\/option>\n<option value=\"14\">14<\/option>\n<option value=\"15\">15<\/option>\n<option value=\"16\">16<\/option>\n<option value=\"17\">17<\/option>\n<option value=\"18\">18<\/option>\n<\/select><\/span><span class=\"vrctimesep\">:<\/span><span id=\"vrccomseldm\"><select name=\"releasem\"><option value=\"0\" selected=\"selected\">00<\/option>\n<option value=\"15\">15<\/option>\n<option value=\"30\">30<\/option>\n<option value=\"45\">45<\/option>\n<\/select><\/span><\/div><\/div><\/div><\/div>\n<div class=\"vrc-searchf-section-categories\"><div class=\"vrcsfentrycont\"><label for=\"vrc-categories\">Car Category<\/label><div class=\"vrcsfentryselect\"><select id=\"vrc-categories\" name=\"categories\"><option value=\"all\">Any<\/option>\n<option value=\"5\">Matkaauto<\/option>\n<option value=\"2\">S\u00f5iduauto<\/option>\n<\/select><\/div><\/div>\n<\/div><div class=\"vrc-searchf-section-sbmt\"><div class=\"vrcsfentrycont\"><div class=\"vrcsfentrysubmit\"><input type=\"submit\" value=\"Search\" class=\"btn vrc-search-btn vrc-pref-color-btn\"\/><\/div><\/div>\n<\/div><\/div>\n<div class=\"vrclocationsbox\"><div class=\"vrclocationsmapdiv\"><a href=\"https:\/\/flamekorent.ee\/en\/autod\/?view=locationsmap&tmpl=component\" class=\"vrcmodal\" target=\"_blank\"><i class=\"fas fa-map-marked-alt\"><\/i> <span>View Locations Map<\/span><\/a><\/div><\/div><\/form><\/div>\t<script type=\"text\/javascript\">\n\tfunction vrcCleanNumber(snum) {\n\t\tif (snum.length > 1 && snum.substr(0, 1) == '0') {\n\t\t\treturn parseInt(snum.substr(1));\n\t\t}\n\t\treturn parseInt(snum);\n\t}\n\tfunction vrcValidateSearch() {\n\t\tif (typeof jQuery === 'undefined' || typeof vrc_wopening_pick === 'undefined') {\n\t\t\treturn true;\n\t\t}\n\t\tif (vrc_mopening_pick !== null) {\n\t\t\t\/\/ pickup time\n\t\t\tvar pickh = jQuery('#vrccomselph').find('select').val();\n\t\t\tvar pickm = jQuery('#vrccomselpm').find('select').val();\n\t\t\tif (!pickh || !pickh.length || !pickm) {\n\t\t\t\treturn true;\n\t\t\t}\n\t\t\tpickh = vrcCleanNumber(pickh);\n\t\t\tpickm = vrcCleanNumber(pickm);\n\t\t\tif (pickh == vrc_mopening_pick[0]) {\n\t\t\t\tif (pickm < vrc_mopening_pick[1]) {\n\t\t\t\t\t\/\/ location is still closed at this time\n\t\t\t\t\tjQuery('#vrccomselpm').find('select').html('<option value=\"'+vrc_mopening_pick[1]+'\">'+(vrc_mopening_pick[1] < 10 ? '0'+vrc_mopening_pick[1] : vrc_mopening_pick[1])+'<\/option>').val(vrc_mopening_pick[1]);\n\t\t\t\t}\n\t\t\t}\n\t\t\tif (pickh == vrc_mopening_pick[2]) {\n\t\t\t\tif (pickm > vrc_mopening_pick[3]) {\n\t\t\t\t\t\/\/ location is already closed at this time for a pick up\n\t\t\t\t\tjQuery('#vrccomselpm').find('select').html('<option value=\"'+vrc_mopening_pick[3]+'\">'+(vrc_mopening_pick[3] < 10 ? '0'+vrc_mopening_pick[3] : vrc_mopening_pick[3])+'<\/option>').val(vrc_mopening_pick[3]);\n\t\t\t\t}\n\t\t\t}\n\t\t}\n\n\t\tif (vrc_mopening_drop !== null) {\n\t\t\t\/\/ dropoff time\n\t\t\tvar droph = jQuery('#vrccomseldh').find('select').val();\n\t\t\tvar dropm = jQuery('#vrccomseldm').find('select').val();\n\t\t\tif (!droph || !droph.length || !dropm) {\n\t\t\t\treturn true;\n\t\t\t}\n\t\t\tdroph = vrcCleanNumber(droph);\n\t\t\tdropm = vrcCleanNumber(dropm);\n\t\t\tif (droph == vrc_mopening_drop[0]) {\n\t\t\t\tif (dropm > vrc_mopening_drop[1]) {\n\t\t\t\t\t\/\/ location is already closed at this time\n\t\t\t\t\tjQuery('#vrccomseldm').find('select').html('<option value=\"'+vrc_mopening_drop[1]+'\">'+(vrc_mopening_drop[1] < 10 ? '0'+vrc_mopening_drop[1] : vrc_mopening_drop[1])+'<\/option>').val(vrc_mopening_drop[1]);\n\t\t\t\t}\n\t\t\t}\n\t\t\tif (droph == vrc_mopening_drop[2]) {\n\t\t\t\tif (dropm < vrc_mopening_drop[3]) {\n\t\t\t\t\t\/\/ location is still closed at this time for a drop off\n\t\t\t\t\tjQuery('#vrccomseldm').find('select').html('<option value=\"'+vrc_mopening_drop[3]+'\">'+(vrc_mopening_drop[3] < 10 ? '0'+vrc_mopening_drop[3] : vrc_mopening_drop[3])+'<\/option>').val(vrc_mopening_drop[3]);\n\t\t\t\t}\n\t\t\t}\n\t\t}\n\n\t\treturn true;\n\t}\n\t<\/script>\n\t\n<\/div>\n\n<hr \/>\n<blockquote><p>Otsingut kasutades palume arvestada, et sisestaksite soovitud rendiperioodi t\u00e4pselt kuna osadel s\u00f5idukitel on ka tunnip\u00f5hine hinnastamine ning osadel s\u00f5idukitel mitte ehk soovides rentida s\u00f5idukit 25 tundi siis osade s\u00f5idukite puhul tuleb hinnaks 2 \u00f6\u00f6p\u00e4eva ja teistel s\u00f5idukitel \u00f6\u00f6p\u00e4ev + \u00fche tunni tasu. Seda k\u00f5ike kuvab portaal vabade s\u00f5idukite puhul peale rendiperioodi sisestamist.<br \/>\nSoovides rentida v\u00f5i tagastada s\u00f5idukit n\u00e4dalavahetusel v\u00f5i t\u00f6\u00f6v\u00e4lisel ajal lisandub lisatasu 25\u20ac korra eest. See v\u00f5ib tekitada olukorra kus s\u00f5iduki tagastamine p\u00fchap\u00e4eva l\u00f5unast on kallim kui esmasp\u00e4eva hommikul. Seega palume alati proovida ka v\u00f5imalust kus s\u00f5idukit rendite ja tagastate t\u00f6\u00f6p\u00e4evadel t\u00f6\u00f6aja sees.<br \/>\nKui aga Teie rendisoov on erinev v\u00f5i keerulisem meie otsinguga saadavast tulemusest siis palume meile sellest teada anda e-kirja teel: rent [\u00e4t] flameko.ee<\/p>\n<p>Juhime t\u00e4helepanu, et sisestaksid soovitud kuup\u00e4evad ja eriti kellaajad piisava varuga kuna hilinemise korral rakendub tunnitasu 20\u20ac tunnis ning lisandub leppetrahv summas 100\u20ac, seda juhul kui klient pole saavutanud eelnevalt kokkulepet s\u00f5iduki rendiperioodi pikendamiseks.<\/p>\n<hr \/>\n<p>&nbsp;<\/p><\/blockquote>\n","protected":false},"excerpt":{"rendered":"<p>Otsingut kasutades palume arvestada, et sisestaksite soovitud rendiperioodi t\u00e4pselt kuna osadel s\u00f5idukitel on ka tunnip\u00f5hine hinnastamine ning osadel s\u00f5idukitel mitte ehk soovides rentida s\u00f5idukit 25 tundi siis osade s\u00f5idukite puhul tuleb hinnaks 2 \u00f6\u00f6p\u00e4eva ja teistel s\u00f5idukitel \u00f6\u00f6p\u00e4ev + \u00fche tunni tasu. Seda k\u00f5ike kuvab portaal vabade s\u00f5idukite puhul peale rendiperioodi sisestamist. Soovides rentida v\u00f5i [&hellip;]<\/p>\n","protected":false},"author":1,"featured_media":0,"parent":0,"menu_order":0,"comment_status":"closed","ping_status":"closed","template":"","meta":{"footnotes":""},"class_list":["post-195","page","type-page","status-publish","hentry"],"_links":{"self":[{"href":"https:\/\/flamekorent.ee\/en\/wp-json\/wp\/v2\/pages\/195","targetHints":{"allow":["GET"]}}],"collection":[{"href":"https:\/\/flamekorent.ee\/en\/wp-json\/wp\/v2\/pages"}],"about":[{"href":"https:\/\/flamekorent.ee\/en\/wp-json\/wp\/v2\/types\/page"}],"author":[{"embeddable":true,"href":"https:\/\/flamekorent.ee\/en\/wp-json\/wp\/v2\/users\/1"}],"replies":[{"embeddable":true,"href":"https:\/\/flamekorent.ee\/en\/wp-json\/wp\/v2\/comments?post=195"}],"version-history":[{"count":11,"href":"https:\/\/flamekorent.ee\/en\/wp-json\/wp\/v2\/pages\/195\/revisions"}],"predecessor-version":[{"id":593,"href":"https:\/\/flamekorent.ee\/en\/wp-json\/wp\/v2\/pages\/195\/revisions\/593"}],"wp:attachment":[{"href":"https:\/\/flamekorent.ee\/en\/wp-json\/wp\/v2\/media?parent=195"}],"curies":[{"name":"wp","href":"https:\/\/api.w.org\/{rel}","templated":true}]}}