{"id":18,"date":"2021-12-25T03:02:18","date_gmt":"2021-12-25T01:02:18","guid":{"rendered":"https:\/\/flamekorent.ee\/?page_id=18"},"modified":"2026-03-30T16:52:43","modified_gmt":"2026-03-30T13:52:43","slug":"autod","status":"publish","type":"page","link":"https:\/\/flamekorent.ee\/en\/autod\/","title":{"rendered":"Car list"},"content":{"rendered":"<blockquote>\n<h5><span style=\"color: #ff0000;\"><strong>To find available cars on your desired dates and the exact price, use <span style=\"text-decoration: underline; color: #993300;\"><a style=\"color: #993300; text-decoration: underline;\" href=\"https:\/\/flamekorent.ee\/en\/otsing\/\">search<\/a>.<\/span><\/strong><\/span><\/h5>\n<\/blockquote>\n<div><hr \/><\/div>\n<div class=\"wp-block-vikrentcar-gutenberg-shortcodes\">\n<div class=\"wrap plugin-container\">\n\n\t\n\t\n\t<h3 class=\"vrc-main-title\">Flameko O\u00dc<\/h3><div class=\"vrc-search-results-block\">\n\n\t<div class=\"car_result\">\n\t\t<div class=\"vrc-car-result-left\">\n\t\t\t\t\t<img decoding=\"async\" class=\"imgresult\" alt=\"Knaus Live TI 650 MEG Platinium Selection\" src=\"https:\/\/flamekorent.ee\/wp-content\/plugins\/vikrentcar\/admin\/resources\/vthumb_img_4978.jpg\"\/>\n\t\t\t\t\t<\/div>\n\t\t<div class=\"vrc-car-result-right\">\n\t\t\t<div class=\"vrc-car-result-rightinner\">\n\t\t\t\t<div class=\"vrc-car-result-rightinner-deep\">\n\t\t\t\t\t<div class=\"vrc-car-result-inner\">\n\t\t\t\t\t\t<h4 class=\"vrc-car-name\">\n\t\t\t\t\t\t\t<a href=\"https:\/\/flamekorent.ee\/en\/autod\/?option=com_vikrentcar&amp;view=cardetails&amp;carid=21\">Knaus Live TI 650 MEG Platinium Selection<\/a>\n\t\t\t\t\t\t<\/h4>\n\t\t\t\t\t\t\t\t\t\t\t<div class=\"vrc-car-category\">Campervan<\/div>\n\t\t\t\t\t\t\t\t\t\t\t\t<div class=\"vrc-car-result-description\">\n\t\t\t\t\t\tKnaus matkaauto \u2013 nutika ruumikasutuse ja parima varustusega mugav ning stiilne reisikaaslane. Ideaalne valik perepuhkuseks, romantiliseks v\u00e4ljas\u00f5iduks v\u00f5i s\u00f5pradega seiklemiseks. Suur panipaik, lai voodi, hubane k\u00f6\u00f6k, 27\" Smart TV, markiis, ACC p\u00fcsikiirusehoidja, Head Up Display, s\u00f5iduraja hoidmise abis\u00fcsteem jne \u2013 k\u00f5ik, mida on vaja muretuks reisimiseks.\r\n\r\n\t\t\t\t\t\t<\/div>\n\t\t\t\t\t\t\t\t\t\t\t\t\t<div class=\"vrc-car-characteristics\">\n\t\t\t\t\t\t\t\t<div class=\"vrccaratsdiv\"><div class=\"vrccarcarat\"><span class=\"vrc-carat-cont\"><span class=\"vrc-expl\" data-vrc-expl=\"Automaat k\u00e4igukast\"><img decoding=\"async\" src=\"https:\/\/flamekorent.ee\/wp-content\/plugins\/vikrentcar\/admin\/resources\/r_autogearbox.png\" alt=\"Automaat k\u00e4igukast\" \/><\/span><\/span>\n<\/div><div class=\"vrccarcarat\"><span class=\"vrc-carat-cont\"><span class=\"vrc-expl\" data-vrc-expl=\"Android Auto\/Apple CarPlay\"><img decoding=\"async\" src=\"https:\/\/flamekorent.ee\/wp-content\/plugins\/vikrentcar\/admin\/resources\/r_android.png\" alt=\"Android Auto\/Apple CarPlay\" \/><\/span><\/span>\n<\/div><div class=\"vrccarcarat\"><span class=\"vrc-carat-cont\"><span class=\"vrc-expl\" data-vrc-expl=\"4 turvav\u00f6\u00f6ga istekohta\"><img decoding=\"async\" src=\"https:\/\/flamekorent.ee\/wp-content\/plugins\/vikrentcar\/admin\/resources\/1r_driving.png\" alt=\"4 turvav\u00f6\u00f6ga istekohta\" \/><\/span><\/span>\n<\/div><div class=\"vrccarcarat\"><span class=\"vrc-carat-cont\"><span class=\"vrc-expl\" data-vrc-expl=\"3 magamiskohta\"><img decoding=\"async\" src=\"https:\/\/flamekorent.ee\/wp-content\/plugins\/vikrentcar\/admin\/resources\/r_campersleep.png\" alt=\"3 magamiskohta\" \/><\/span><\/span>\n<\/div><\/div>\n\t\t\t\t\t\t\t<\/div>\n\t\t\t\t\t\t\t\t\t\t\t\t<\/div>\n\t\t\t\t\t<div class=\"vrc-car-lastblock\">\n\t\t\t\t\t\t<div class=\"vrc-car-price\">\n\t\t\t\t\t\t\t<div class=\"vrcsrowpricediv\">\n\t\t\t\t\t\t\t\t\t\t\t\t\t\t\t<span class=\"vrcstartfrom\">Starting from<\/span>\n\t\t\t\t\t\t\t\t<span class=\"car_cost\"><span class=\"vrc_currency\">\u20ac<\/span> <span class=\"vrc_price\">150.00<\/span><\/span>\n\t\t\t\t\t\t\t\t\t\t\t\t\t\t<\/div>\n\t\t\t\t\t\t<\/div>\n\t\t\t\t\t\t<div class=\"vrc-car-bookingbtn\">\n\t\t\t\t\t\t\t<span class=\"vrclistgoon\"><a class=\"btn vrc-pref-color-btn\" href=\"https:\/\/flamekorent.ee\/en\/autod\/?option=com_vikrentcar&amp;view=cardetails&amp;carid=21\">View Details<\/a><\/span>\n\t\t\t\t\t\t<\/div>\n\t\t\t\t\t<\/div>\n\t\t\t\t<\/div>\n\t\t\t<\/div>\n\t\t<\/div>\n\t<\/div>\n\t<div class=\"car_separator\"><\/div>\n\t\t<div class=\"car_result\">\n\t\t<div class=\"vrc-car-result-left\">\n\t\t\t\t\t<img decoding=\"async\" class=\"imgresult\" alt=\"Ford Etrusco\" src=\"https:\/\/flamekorent.ee\/wp-content\/plugins\/vikrentcar\/admin\/resources\/vthumb_img_3955.jpg\"\/>\n\t\t\t\t\t<\/div>\n\t\t<div class=\"vrc-car-result-right\">\n\t\t\t<div class=\"vrc-car-result-rightinner\">\n\t\t\t\t<div class=\"vrc-car-result-rightinner-deep\">\n\t\t\t\t\t<div class=\"vrc-car-result-inner\">\n\t\t\t\t\t\t<h4 class=\"vrc-car-name\">\n\t\t\t\t\t\t\t<a href=\"https:\/\/flamekorent.ee\/en\/autod\/?option=com_vikrentcar&amp;view=cardetails&amp;carid=19\">Ford Etrusco<\/a>\n\t\t\t\t\t\t<\/h4>\n\t\t\t\t\t\t\t\t\t\t\t<div class=\"vrc-car-category\">Campervan<\/div>\n\t\t\t\t\t\t\t\t\t\t\t\t<div class=\"vrc-car-result-description\">\n\t\t\t\t\t\t4 magamiskohaga Etrusco matkaauto pakub mugavat ja h\u00e4sti l\u00e4bim\u00f5eldud elamispinda, kus ruumi jagub k\u00f5igile. Avar elamuosa, mahukas panipaik, eraldi WC ja du\u0161\u0161 ning kabii\u00adni kohal paiknev panoraamaken loovad valgusk\u00fcllase ja m\u00f5nusa atmosf\u00e4\u00e4ri. Truma \u00f5hkkeskk\u00fcte tagab mugavuse igal aastaajal.\r\nSobib suurep\u00e4raselt pere- v\u00f5i s\u00f5pradega reisimiseks \u2013 olgu sihtkoht l\u00e4hedal v\u00f5i kaugel.\t\t\t\t\t\t<\/div>\n\t\t\t\t\t\t\t\t\t\t\t\t\t<div class=\"vrc-car-characteristics\">\n\t\t\t\t\t\t\t\t<div class=\"vrccaratsdiv\"><div class=\"vrccarcarat\"><span class=\"vrc-carat-cont\"><span class=\"vrc-expl\" data-vrc-expl=\"Automaat k\u00e4igukast\"><img decoding=\"async\" src=\"https:\/\/flamekorent.ee\/wp-content\/plugins\/vikrentcar\/admin\/resources\/r_autogearbox.png\" alt=\"Automaat k\u00e4igukast\" \/><\/span><\/span>\n<\/div><div class=\"vrccarcarat\"><span class=\"vrc-carat-cont\"><span class=\"vrc-expl\" data-vrc-expl=\"Android Auto\/Apple CarPlay\"><img decoding=\"async\" src=\"https:\/\/flamekorent.ee\/wp-content\/plugins\/vikrentcar\/admin\/resources\/r_android.png\" alt=\"Android Auto\/Apple CarPlay\" \/><\/span><\/span>\n<\/div><div class=\"vrccarcarat\"><span class=\"vrc-carat-cont\"><span class=\"vrc-expl\" data-vrc-expl=\"4 turvav\u00f6\u00f6ga istekohta\"><img decoding=\"async\" src=\"https:\/\/flamekorent.ee\/wp-content\/plugins\/vikrentcar\/admin\/resources\/1r_driving.png\" alt=\"4 turvav\u00f6\u00f6ga istekohta\" \/><\/span><\/span>\n<\/div><div class=\"vrccarcarat\"><span class=\"vrc-carat-cont\"><span class=\"vrc-expl\" data-vrc-expl=\"4 magamiskohta\"><img decoding=\"async\" src=\"https:\/\/flamekorent.ee\/wp-content\/plugins\/vikrentcar\/admin\/resources\/r_campersleep.png\" alt=\"4 magamiskohta\" \/><\/span><\/span>\n<\/div><\/div>\n\t\t\t\t\t\t\t<\/div>\n\t\t\t\t\t\t\t\t\t\t\t\t<\/div>\n\t\t\t\t\t<div class=\"vrc-car-lastblock\">\n\t\t\t\t\t\t<div class=\"vrc-car-price\">\n\t\t\t\t\t\t\t<div class=\"vrcsrowpricediv\">\n\t\t\t\t\t\t\t\t\t\t\t\t\t\t\t<span class=\"vrcstartfrom\">Starting from<\/span>\n\t\t\t\t\t\t\t\t<span class=\"car_cost\"><span class=\"vrc_currency\">\u20ac<\/span> <span class=\"vrc_price\">140.00<\/span><\/span>\n\t\t\t\t\t\t\t\t\t\t\t\t\t\t<\/div>\n\t\t\t\t\t\t<\/div>\n\t\t\t\t\t\t<div class=\"vrc-car-bookingbtn\">\n\t\t\t\t\t\t\t<span class=\"vrclistgoon\"><a class=\"btn vrc-pref-color-btn\" href=\"https:\/\/flamekorent.ee\/en\/autod\/?option=com_vikrentcar&amp;view=cardetails&amp;carid=19\">View Details<\/a><\/span>\n\t\t\t\t\t\t<\/div>\n\t\t\t\t\t<\/div>\n\t\t\t\t<\/div>\n\t\t\t<\/div>\n\t\t<\/div>\n\t<\/div>\n\t<div class=\"car_separator\"><\/div>\n\t\t<div class=\"car_result\">\n\t\t<div class=\"vrc-car-result-left\">\n\t\t\t\t\t<img decoding=\"async\" class=\"imgresult\" alt=\"Citro\u00ebn Etrusco T7300\" src=\"https:\/\/flamekorent.ee\/wp-content\/plugins\/vikrentcar\/admin\/resources\/vthumb_185529374.jpg\"\/>\n\t\t\t\t\t<\/div>\n\t\t<div class=\"vrc-car-result-right\">\n\t\t\t<div class=\"vrc-car-result-rightinner\">\n\t\t\t\t<div class=\"vrc-car-result-rightinner-deep\">\n\t\t\t\t\t<div class=\"vrc-car-result-inner\">\n\t\t\t\t\t\t<h4 class=\"vrc-car-name\">\n\t\t\t\t\t\t\t<a href=\"https:\/\/flamekorent.ee\/en\/autod\/?option=com_vikrentcar&amp;view=cardetails&amp;carid=17\">Citro\u00ebn Etrusco T7300<\/a>\n\t\t\t\t\t\t<\/h4>\n\t\t\t\t\t\t\t\t\t\t\t<div class=\"vrc-car-category\">Campervan<\/div>\n\t\t\t\t\t\t\t\t\t\t\t\t<div class=\"vrc-car-result-description\">\n\t\t\t\t\t\tEtrusco matkaauto on varustatud k\u00f5igega, mida vajate muretuks ja mugavaks reisimiseks: markiis, haagisekonks, p\u00e4ikesepaneelid, automaatne gaasiballoonivaheti, 220V 1500W inverter, tagumised \u00f5hkpadjad ja palju muud.\r\nAvar elamuosa tualeti, du\u0161i ja mahuka k\u00f6\u00f6giga loovad t\u00f5eliselt koduse tunde ka teel olles. Eraldi panipaik ja mugav sisustus teevad sellest ideaalse kaaslase nii l\u00fchikesteks v\u00e4ljas\u00f5itudeks kui ka pikemateks seiklusteks \u00fcle Euroopa.\r\nTunne end kodus \u2013 ka ratastel!\r\n\t\t\t\t\t\t<\/div>\n\t\t\t\t\t\t\t\t\t\t\t\t\t<div class=\"vrc-car-characteristics\">\n\t\t\t\t\t\t\t\t<div class=\"vrccaratsdiv\"><div class=\"vrccarcarat\"><span class=\"vrc-carat-cont\"><span class=\"vrc-expl\" data-vrc-expl=\"K\u00e4rukonks haagise vedamiseks\"><img decoding=\"async\" src=\"https:\/\/flamekorent.ee\/wp-content\/plugins\/vikrentcar\/admin\/resources\/r_hitch.png\" alt=\"K\u00e4rukonks\" \/><\/span><\/span>\n<\/div><div class=\"vrccarcarat\"><span class=\"vrc-carat-cont\"><span class=\"vrc-expl\" data-vrc-expl=\"Android Auto\/Apple CarPlay\"><img decoding=\"async\" src=\"https:\/\/flamekorent.ee\/wp-content\/plugins\/vikrentcar\/admin\/resources\/r_android.png\" alt=\"Android Auto\/Apple CarPlay\" \/><\/span><\/span>\n<\/div><div class=\"vrccarcarat\"><span class=\"vrc-carat-cont\"><span class=\"vrc-expl\" data-vrc-expl=\"4 turvav\u00f6\u00f6ga istekohta\"><img decoding=\"async\" src=\"https:\/\/flamekorent.ee\/wp-content\/plugins\/vikrentcar\/admin\/resources\/1r_driving.png\" alt=\"4 turvav\u00f6\u00f6ga istekohta\" \/><\/span><\/span>\n<\/div><div class=\"vrccarcarat\"><span class=\"vrc-carat-cont\"><span class=\"vrc-expl\" data-vrc-expl=\"4 magamiskohta\"><img decoding=\"async\" src=\"https:\/\/flamekorent.ee\/wp-content\/plugins\/vikrentcar\/admin\/resources\/r_campersleep.png\" alt=\"4 magamiskohta\" \/><\/span><\/span>\n<\/div><\/div>\n\t\t\t\t\t\t\t<\/div>\n\t\t\t\t\t\t\t\t\t\t\t\t<\/div>\n\t\t\t\t\t<div class=\"vrc-car-lastblock\">\n\t\t\t\t\t\t<div class=\"vrc-car-price\">\n\t\t\t\t\t\t\t<div class=\"vrcsrowpricediv\">\n\t\t\t\t\t\t\t\t\t\t\t\t\t\t\t<span class=\"vrcstartfrom\">Starting from<\/span>\n\t\t\t\t\t\t\t\t<span class=\"car_cost\"><span class=\"vrc_currency\">\u20ac<\/span> <span class=\"vrc_price\">140.00<\/span><\/span>\n\t\t\t\t\t\t\t\t\t\t\t\t\t\t<\/div>\n\t\t\t\t\t\t<\/div>\n\t\t\t\t\t\t<div class=\"vrc-car-bookingbtn\">\n\t\t\t\t\t\t\t<span class=\"vrclistgoon\"><a class=\"btn vrc-pref-color-btn\" href=\"https:\/\/flamekorent.ee\/en\/autod\/?option=com_vikrentcar&amp;view=cardetails&amp;carid=17\">View Details<\/a><\/span>\n\t\t\t\t\t\t<\/div>\n\t\t\t\t\t<\/div>\n\t\t\t\t<\/div>\n\t\t\t<\/div>\n\t\t<\/div>\n\t<\/div>\n\t<div class=\"car_separator\"><\/div>\n\t\t<div class=\"car_result\">\n\t\t<div class=\"vrc-car-result-left\">\n\t\t\t\t\t<img decoding=\"async\" class=\"imgresult\" alt=\"Knaus Boxlife Pro 600\" src=\"https:\/\/flamekorent.ee\/wp-content\/plugins\/vikrentcar\/admin\/resources\/vthumb_img_4752.jpg\"\/>\n\t\t\t\t\t<\/div>\n\t\t<div class=\"vrc-car-result-right\">\n\t\t\t<div class=\"vrc-car-result-rightinner\">\n\t\t\t\t<div class=\"vrc-car-result-rightinner-deep\">\n\t\t\t\t\t<div class=\"vrc-car-result-inner\">\n\t\t\t\t\t\t<h4 class=\"vrc-car-name\">\n\t\t\t\t\t\t\t<a href=\"https:\/\/flamekorent.ee\/en\/autod\/?option=com_vikrentcar&amp;view=cardetails&amp;carid=20\">Knaus Boxlife Pro 600<\/a>\n\t\t\t\t\t\t<\/h4>\n\t\t\t\t\t\t\t\t\t\t\t<div class=\"vrc-car-category\">Campervan<\/div>\n\t\t\t\t\t\t\t\t\t\t\t\t<div class=\"vrc-car-result-description\">\n\t\t\t\t\t\tAina populaarsemaks muutuv Van-t\u00fc\u00fcpi matkaauto pakub nutikalt lahendatud mugavust!\r\nT\u00e4nu diiselk\u00fctteseadmele ja kompressork\u00fclmikule ei pea pikemal reisil muretsema gaasiballoonide vahetamise v\u00f5i kaasav\u00f5tmise p\u00e4rast. Nutikas WC-lahendus v\u00f5imaldab poti l\u00fckata pagasiruumi, et du\u0161i all oleks rohkem ruumi.\r\nLisamugavust pakuvad istumisala p\u00f5randak\u00fcte, puldist dimmerdatava valgustusega markiis, avar k\u00f6\u00f6k ning s\u00e4\u00e4sev\u00f5rk elamuosa ukse ees.\r\nNutikalt disainitud ja maksimaalselt kasutatav elamuosa \u2013 tule uuri l\u00e4hemal\t\t\t\t\t\t<\/div>\n\t\t\t\t\t\t\t\t\t\t\t\t\t<div class=\"vrc-car-characteristics\">\n\t\t\t\t\t\t\t\t<div class=\"vrccaratsdiv\"><div class=\"vrccarcarat\"><span class=\"vrc-carat-cont\"><span class=\"vrc-expl\" data-vrc-expl=\"Automaat k\u00e4igukast\"><img decoding=\"async\" src=\"https:\/\/flamekorent.ee\/wp-content\/plugins\/vikrentcar\/admin\/resources\/r_autogearbox.png\" alt=\"Automaat k\u00e4igukast\" \/><\/span><\/span>\n<\/div><div class=\"vrccarcarat\"><span class=\"vrc-carat-cont\"><span class=\"vrc-expl\" data-vrc-expl=\"4 turvav\u00f6\u00f6ga istekohta\"><img decoding=\"async\" src=\"https:\/\/flamekorent.ee\/wp-content\/plugins\/vikrentcar\/admin\/resources\/1r_driving.png\" alt=\"4 turvav\u00f6\u00f6ga istekohta\" \/><\/span><\/span>\n<\/div><div class=\"vrccarcarat\"><span class=\"vrc-carat-cont\"><span class=\"vrc-expl\" data-vrc-expl=\"3 magamiskohta\"><img decoding=\"async\" src=\"https:\/\/flamekorent.ee\/wp-content\/plugins\/vikrentcar\/admin\/resources\/r_campersleep.png\" alt=\"3 magamiskohta\" \/><\/span><\/span>\n<\/div><\/div>\n\t\t\t\t\t\t\t<\/div>\n\t\t\t\t\t\t\t\t\t\t\t\t<\/div>\n\t\t\t\t\t<div class=\"vrc-car-lastblock\">\n\t\t\t\t\t\t<div class=\"vrc-car-price\">\n\t\t\t\t\t\t\t<div class=\"vrcsrowpricediv\">\n\t\t\t\t\t\t\t\t\t\t\t\t\t\t\t<span class=\"vrcstartfrom\">Starting from<\/span>\n\t\t\t\t\t\t\t\t<span class=\"car_cost\"><span class=\"vrc_currency\">\u20ac<\/span> <span class=\"vrc_price\">130.00<\/span><\/span>\n\t\t\t\t\t\t\t\t\t\t\t\t\t\t<\/div>\n\t\t\t\t\t\t<\/div>\n\t\t\t\t\t\t<div class=\"vrc-car-bookingbtn\">\n\t\t\t\t\t\t\t<span class=\"vrclistgoon\"><a class=\"btn vrc-pref-color-btn\" href=\"https:\/\/flamekorent.ee\/en\/autod\/?option=com_vikrentcar&amp;view=cardetails&amp;carid=20\">View Details<\/a><\/span>\n\t\t\t\t\t\t<\/div>\n\t\t\t\t\t<\/div>\n\t\t\t\t<\/div>\n\t\t\t<\/div>\n\t\t<\/div>\n\t<\/div>\n\t<div class=\"car_separator\"><\/div>\n\t\t<div class=\"car_result\">\n\t\t<div class=\"vrc-car-result-left\">\n\t\t\t\t\t<img decoding=\"async\" class=\"imgresult\" alt=\"Skoda Octavia Combi Active\" src=\"https:\/\/flamekorent.ee\/wp-content\/plugins\/vikrentcar\/admin\/resources\/vthumb_img_1159.jpg\"\/>\n\t\t\t\t\t<\/div>\n\t\t<div class=\"vrc-car-result-right\">\n\t\t\t<div class=\"vrc-car-result-rightinner\">\n\t\t\t\t<div class=\"vrc-car-result-rightinner-deep\">\n\t\t\t\t\t<div class=\"vrc-car-result-inner\">\n\t\t\t\t\t\t<h4 class=\"vrc-car-name\">\n\t\t\t\t\t\t\t<a href=\"https:\/\/flamekorent.ee\/en\/autod\/?option=com_vikrentcar&amp;view=cardetails&amp;carid=5\">Skoda Octavia Combi Active<\/a>\n\t\t\t\t\t\t<\/h4>\n\t\t\t\t\t\t\t\t\t\t\t<div class=\"vrc-car-category\">Passenger car<\/div>\n\t\t\t\t\t\t\t\t\t\t\t\t<div class=\"vrc-car-result-description\">\n\t\t\t\t\t\tS\u00f5iduauto Skoda Octavia on kindlasti parima hinna ja kvaliteedi suhtega s\u00f5iduk. Auto on  ruumikas ja  automaatk\u00e4igukastiga ning on olemas k\u00f5ik vajalik igaks elu juhtumiks ning turvaliseks s\u00f5iduks. \r\nValikus on nii universaalkerega autod kui ka luukp\u00e4raga. M\u00f5lemad on ruumikad ning v\u00f5imaldavad kaasa haarata suure koguse pagasit. Anna meile teada kui sul on kindel soov saada kas luukp\u00e4ra v\u00f5i universaal kerega autot kasutades \"m\u00e4rkused\" lahtri broneerimisel.\t\t\t\t\t\t<\/div>\n\t\t\t\t\t\t\t\t\t\t\t\t\t<div class=\"vrc-car-characteristics\">\n\t\t\t\t\t\t\t\t<div class=\"vrccaratsdiv\"><div class=\"vrccarcarat\"><span class=\"vrc-carat-cont\"><span class=\"vrc-expl\" data-vrc-expl=\"Automaat k\u00e4igukast\"><img decoding=\"async\" src=\"https:\/\/flamekorent.ee\/wp-content\/plugins\/vikrentcar\/admin\/resources\/r_autogearbox.png\" alt=\"Automaat k\u00e4igukast\" \/><\/span><\/span>\n<\/div><\/div>\n\t\t\t\t\t\t\t<\/div>\n\t\t\t\t\t\t\t\t\t\t\t\t<\/div>\n\t\t\t\t\t<div class=\"vrc-car-lastblock\">\n\t\t\t\t\t\t<div class=\"vrc-car-price\">\n\t\t\t\t\t\t\t<div class=\"vrcsrowpricediv\">\n\t\t\t\t\t\t\t\t\t\t\t\t\t\t\t<span class=\"vrcstartfrom\">Starting from<\/span>\n\t\t\t\t\t\t\t\t<span class=\"car_cost\"><span class=\"vrc_currency\">\u20ac<\/span> <span class=\"vrc_price\">30.00<\/span><\/span>\n\t\t\t\t\t\t\t\t\t\t\t\t\t\t<\/div>\n\t\t\t\t\t\t<\/div>\n\t\t\t\t\t\t<div class=\"vrc-car-bookingbtn\">\n\t\t\t\t\t\t\t<span class=\"vrclistgoon\"><a class=\"btn vrc-pref-color-btn\" href=\"https:\/\/flamekorent.ee\/en\/autod\/?option=com_vikrentcar&amp;view=cardetails&amp;carid=5\">View Details<\/a><\/span>\n\t\t\t\t\t\t<\/div>\n\t\t\t\t\t<\/div>\n\t\t\t\t<\/div>\n\t\t\t<\/div>\n\t\t<\/div>\n\t<\/div>\n\t<div class=\"car_separator\"><\/div>\n\t<\/div>\n\n<script type=\"text\/javascript\">\njQuery(document).ready(function() {\n\tif (jQuery('.car_result').length) {\n\t\tjQuery('.car_result').each(function() {\n\t\t\tvar car_img = jQuery(this).find('.vrc-car-result-left').find('img');\n\t\t\tif (car_img.length) {\n\t\t\t\tjQuery(this).find('.vrc-car-result-right').find('.vrc-car-result-rightinner').find('.vrc-car-result-rightinner-deep').find('.vrc-car-result-inner').css('min-height', car_img.height()+'px');\n\t\t\t}\n\t\t});\n\t};\n});\n<\/script>\n\n<\/div>\n<\/div>\n\n<p><\/p><!-- \/wp:post-content -->","protected":false},"excerpt":{"rendered":"<p>Sinu soovitud kuup\u00e4evadel vabade autode ning t\u00e4pse hinna leidmiseks kasuta otsingut.<\/p>","protected":false},"author":1,"featured_media":0,"parent":0,"menu_order":0,"comment_status":"closed","ping_status":"closed","template":"","meta":{"footnotes":""},"class_list":["post-18","page","type-page","status-publish","hentry"],"_links":{"self":[{"href":"https:\/\/flamekorent.ee\/en\/wp-json\/wp\/v2\/pages\/18","targetHints":{"allow":["GET"]}}],"collection":[{"href":"https:\/\/flamekorent.ee\/en\/wp-json\/wp\/v2\/pages"}],"about":[{"href":"https:\/\/flamekorent.ee\/en\/wp-json\/wp\/v2\/types\/page"}],"author":[{"embeddable":true,"href":"https:\/\/flamekorent.ee\/en\/wp-json\/wp\/v2\/users\/1"}],"replies":[{"embeddable":true,"href":"https:\/\/flamekorent.ee\/en\/wp-json\/wp\/v2\/comments?post=18"}],"version-history":[{"count":44,"href":"https:\/\/flamekorent.ee\/en\/wp-json\/wp\/v2\/pages\/18\/revisions"}],"predecessor-version":[{"id":822,"href":"https:\/\/flamekorent.ee\/en\/wp-json\/wp\/v2\/pages\/18\/revisions\/822"}],"wp:attachment":[{"href":"https:\/\/flamekorent.ee\/en\/wp-json\/wp\/v2\/media?parent=18"}],"curies":[{"name":"wp","href":"https:\/\/api.w.org\/{rel}","templated":true}]}}